{"id":51,"date":"2023-05-22T18:06:55","date_gmt":"2023-05-22T16:06:55","guid":{"rendered":"https:\/\/equinoxtimes.pl\/?page_id=51"},"modified":"2025-03-13T19:15:46","modified_gmt":"2025-03-13T18:15:46","slug":"o-nas","status":"publish","type":"page","link":"https:\/\/equinoxtimes.pl\/index.php\/o-nas\/","title":{"rendered":"O nas"},"content":{"rendered":"\n<p>Jeste\u015bmy pasjonatami popkultury, kt\u00f3rzy nieustannie pracuj\u0105 nad tym, by dostarczy\u0107 Wam co miesi\u0105c teksty najwy\u017cszej jako\u015bci w gustownej oprawie graficznej. Cho\u0107 jako \u201eEquinox Times\u201d dzia\u0142amy od lutego 2022 roku, to nasze korzenie si\u0119gaj\u0105 znacznie dalej.<\/p>\n\n\n\n<p>Tworzymy recenzje, wywiady, felietony i wspominki \u2013 zar\u00f3wno tematyczne, jak i z zakresu szeroko poj\u0119tej popkultury.<\/p>\n\n\n\n<p>Nowy numer dostarczamy Wam w drugi poniedzia\u0142ek ka\u017cdego miesi\u0105ca, zawsze z motywem przewodnim.<\/p>\n\n\n\n<hr class=\"wp-block-separator has-alpha-channel-opacity\"\/>\n\n\n\n<p>Chcesz tworzy\u0107 z nami czasopismo? Szukamy redaktor\u00f3w, korektor\u00f3w, grafik\u00f3w i spec\u00f3w od sk\u0142adu \u2013 ch\u0119tnych zapraszamy do kontaktu przez formularz. <\/p>\n\n\n\n<p>Je\u015bli jeste\u015bcie zainteresowani wsp\u00f3\u0142prac\u0105, r\u00f3wnie\u017c mo\u017cecie zg\u0142osi\u0107 to wygodnie poprzez formularz kontaktowy! Jeste\u015bmy otwarci na propozycje.<\/p>\n\n\n\n<hr class=\"wp-block-separator has-alpha-channel-opacity\"\/>\n\n\n\n<h2 class=\"wp-block-heading\">Nasz obecny sk\u0142ad:<\/h2>\n\n\n\n<p class=\"has-medium-font-size\"><strong>Naczelna czasopisma i szef dzia\u0142u DTP:<\/strong> Lailyren <br><strong>Szef dzia\u0142u korekty:<\/strong> Solaris <br><strong>Szef dzia\u0142u redakcyjnego:<\/strong> Ghatorr <br><strong>Redaktorzy:<\/strong> Gray Picture, Malvagio, Hefajstos, Samael &amp; Mimik, Tanatos <br><strong>Korekta:<\/strong> Magda B, Midday Shine <br><strong>Opracowanie graficzno\u2013techniczne:<\/strong> Gray Picture, SoulsTornado, Tanatos<br><strong>Archiwum:<\/strong> Catkitty<\/p>\n","protected":false},"excerpt":{"rendered":"<p>Jeste\u015bmy pasjonatami popkultury, kt\u00f3rzy nieustannie pracuj\u0105 nad tym, by dostarczy\u0107 Wam co miesi\u0105c teksty najwy\u017cszej jako\u015bci w gustownej oprawie graficznej. Cho\u0107 jako \u201eEquinox Times\u201d dzia\u0142amy od lutego 2022 roku, to nasze korzenie si\u0119gaj\u0105 znacznie dalej. Tworzymy recenzje, wywiady, felietony i wspominki \u2013 zar\u00f3wno tematyczne, jak i z zakresu szeroko poj\u0119tej popkultury. Nowy numer dostarczamy Wam [&hellip;]<\/p>\n","protected":false},"author":1,"featured_media":0,"parent":0,"menu_order":0,"comment_status":"closed","ping_status":"closed","template":"","meta":{"footnotes":""},"class_list":["post-51","page","type-page","status-publish","hentry"],"_links":{"self":[{"href":"https:\/\/equinoxtimes.pl\/index.php\/wp-json\/wp\/v2\/pages\/51","targetHints":{"allow":["GET"]}}],"collection":[{"href":"https:\/\/equinoxtimes.pl\/index.php\/wp-json\/wp\/v2\/pages"}],"about":[{"href":"https:\/\/equinoxtimes.pl\/index.php\/wp-json\/wp\/v2\/types\/page"}],"author":[{"embeddable":true,"href":"https:\/\/equinoxtimes.pl\/index.php\/wp-json\/wp\/v2\/users\/1"}],"replies":[{"embeddable":true,"href":"https:\/\/equinoxtimes.pl\/index.php\/wp-json\/wp\/v2\/comments?post=51"}],"version-history":[{"count":10,"href":"https:\/\/equinoxtimes.pl\/index.php\/wp-json\/wp\/v2\/pages\/51\/revisions"}],"predecessor-version":[{"id":515,"href":"https:\/\/equinoxtimes.pl\/index.php\/wp-json\/wp\/v2\/pages\/51\/revisions\/515"}],"wp:attachment":[{"href":"https:\/\/equinoxtimes.pl\/index.php\/wp-json\/wp\/v2\/media?parent=51"}],"curies":[{"name":"wp","href":"https:\/\/api.w.org\/{rel}","templated":true}]}}