{"id":228,"date":"2023-08-21T15:42:39","date_gmt":"2023-08-21T13:42:39","guid":{"rendered":"https:\/\/equinoxtimes.pl\/?page_id=228"},"modified":"2023-11-30T18:03:16","modified_gmt":"2023-11-30T17:03:16","slug":"linki","status":"publish","type":"page","link":"https:\/\/equinoxtimes.pl\/index.php\/linki\/","title":{"rendered":"Linki"},"content":{"rendered":"\n<p>Equinox Times mo\u017cecie \u015bledzi\u0107 w nast\u0119puj\u0105cych miejscach w Sieci:<\/p>\n\n\n\n<p class=\"has-text-align-center\"><a href=\"https:\/\/www.facebook.com\/EquinoxTimes\" data-type=\"link\" data-id=\"https:\/\/www.facebook.com\/EquinoxTimes\"><strong>Facebook<\/strong><\/a> | <a href=\"https:\/\/twitter.com\/EquinoxTimes\" data-type=\"link\" data-id=\"https:\/\/twitter.com\/EquinoxTimes\"><strong>Twitter<\/strong><\/a> | <a href=\"https:\/\/www.instagram.com\/equinoxtimes\/\" data-type=\"link\" data-id=\"https:\/\/twitter.com\/EquinoxTimes\"><strong>Instagram<\/strong><\/a> | <a href=\"https:\/\/linktr.ee\/equinoxtimes\" data-type=\"link\" data-id=\"https:\/\/linktr.ee\/equinoxtimes\"><strong>Linktree <\/strong><\/a><\/p>\n\n\n\n<p style=\"margin-top:var(--wp--preset--spacing--80);margin-bottom:var(--wp--preset--spacing--80);padding-top:var(--wp--preset--spacing--80);padding-bottom:var(--wp--preset--spacing--80)\"><\/p>\n\n\n\n<p><\/p>\n\n\n\n<p style=\"padding-top:var(--wp--preset--spacing--30);padding-bottom:var(--wp--preset--spacing--30)\"><\/p>\n","protected":false},"excerpt":{"rendered":"<p>Equinox Times mo\u017cecie \u015bledzi\u0107 w nast\u0119puj\u0105cych miejscach w Sieci: Facebook | Twitter | Instagram | Linktree<\/p>\n","protected":false},"author":1,"featured_media":0,"parent":0,"menu_order":0,"comment_status":"closed","ping_status":"closed","template":"","meta":{"footnotes":""},"class_list":["post-228","page","type-page","status-publish","hentry"],"_links":{"self":[{"href":"https:\/\/equinoxtimes.pl\/index.php\/wp-json\/wp\/v2\/pages\/228","targetHints":{"allow":["GET"]}}],"collection":[{"href":"https:\/\/equinoxtimes.pl\/index.php\/wp-json\/wp\/v2\/pages"}],"about":[{"href":"https:\/\/equinoxtimes.pl\/index.php\/wp-json\/wp\/v2\/types\/page"}],"author":[{"embeddable":true,"href":"https:\/\/equinoxtimes.pl\/index.php\/wp-json\/wp\/v2\/users\/1"}],"replies":[{"embeddable":true,"href":"https:\/\/equinoxtimes.pl\/index.php\/wp-json\/wp\/v2\/comments?post=228"}],"version-history":[{"count":13,"href":"https:\/\/equinoxtimes.pl\/index.php\/wp-json\/wp\/v2\/pages\/228\/revisions"}],"predecessor-version":[{"id":308,"href":"https:\/\/equinoxtimes.pl\/index.php\/wp-json\/wp\/v2\/pages\/228\/revisions\/308"}],"wp:attachment":[{"href":"https:\/\/equinoxtimes.pl\/index.php\/wp-json\/wp\/v2\/media?parent=228"}],"curies":[{"name":"wp","href":"https:\/\/api.w.org\/{rel}","templated":true}]}}